{"id":4619,"date":"2021-05-28T22:22:04","date_gmt":"2021-05-28T20:22:04","guid":{"rendered":"https:\/\/www.churburg.com\/?page_id=4619"},"modified":"2025-04-10T17:14:05","modified_gmt":"2025-04-10T15:14:05","slug":"colophon","status":"publish","type":"page","link":"https:\/\/www.churburg.com\/it\/colophon\/","title":{"rendered":"Colophon"},"content":{"rendered":"\n<style type=\"text\/css\" data-created_by=\"avia_inline_auto\" id=\"style-css-av-743by-ad871679a49406428620c69d5fd1f6d5\">\n.avia-section.av-743by-ad871679a49406428620c69d5fd1f6d5 .av-parallax .av-parallax-inner{\nbackground-repeat:no-repeat;\nbackground-image:url(https:\/\/www.churburg.com\/wp-content\/uploads\/2021\/05\/Fenster.jpg);\nbackground-position:50% 50%;\nbackground-attachment:scroll;\n}\n.avia-section.av-743by-ad871679a49406428620c69d5fd1f6d5 .av-section-color-overlay{\nopacity:0.2;\nbackground-color:#000000;\n}\n<\/style>\n<div id='av_section_1'  class='avia-section av-743by-ad871679a49406428620c69d5fd1f6d5 main_color avia-section-default avia-no-border-styling  avia-builder-el-0  el_before_av_section  avia-builder-el-first  avia-full-stretch av-parallax-section avia-bg-style-parallax av-section-color-overlay-active container_wrap sidebar_right'  data-section-bg-repeat='stretch'><div class='av-parallax' data-avia-parallax-ratio='0.3' ><div class='av-parallax-inner main_color avia-full-stretch'><\/div><\/div><div class=\"av-section-color-overlay-wrap\"><div class=\"av-section-color-overlay\"><\/div><div class='container av-section-cont-open' ><main  role=\"main\" itemprop=\"mainContentOfPage\"  class='template-page content  av-content-small alpha units'><div class='post-entry post-entry-type-page post-entry-4619'><div class='entry-content-wrapper clearfix'>\n\n<style type=\"text\/css\" data-created_by=\"avia_inline_auto\" id=\"style-css-av-koyg07km-bef71e3d80d4fe23f98eceaa7dc92a4e\">\n#top .av-special-heading.av-koyg07km-bef71e3d80d4fe23f98eceaa7dc92a4e{\nmargin:102px 0 18px 0;\npadding-bottom:10px;\n}\nbody .av-special-heading.av-koyg07km-bef71e3d80d4fe23f98eceaa7dc92a4e .av-special-heading-tag .heading-char{\nfont-size:25px;\n}\n.av-special-heading.av-koyg07km-bef71e3d80d4fe23f98eceaa7dc92a4e .av-subheading{\nfont-size:15px;\n}\n<\/style>\n<div  class='av-special-heading av-koyg07km-bef71e3d80d4fe23f98eceaa7dc92a4e av-special-heading-h1 blockquote modern-quote modern-centered  avia-builder-el-1  avia-builder-el-no-sibling  av-linked-heading'><h1 class='av-special-heading-tag '  itemprop=\"headline\"  >Colophon<\/h1><div class=\"special-heading-border\"><div class=\"special-heading-inner-border\"><\/div><\/div><\/div>\n\n<\/div><\/div><\/main><!-- close content main element --><\/div><\/div><\/div><div id='colophon'  class='avia-section av-koyid9bm-4ca436c1042d13e3375a46e0230ce13f main_color avia-section-default avia-no-border-styling  avia-builder-el-2  el_after_av_section  avia-builder-el-last  avia-bg-style-scroll container_wrap sidebar_right'  ><div class='container av-section-cont-open' ><div class='template-page content  av-content-small alpha units'><div class='post-entry post-entry-type-page post-entry-4619'><div class='entry-content-wrapper clearfix'>\n\n<style type=\"text\/css\" data-created_by=\"avia_inline_auto\" id=\"style-css-av-koxivi8r-43ba0b1e518529157a5d103a4c1780ef\">\n.flex_column.av-koxivi8r-43ba0b1e518529157a5d103a4c1780ef{\nborder-radius:0 0 0 0;\npadding:48px 48px 54px 48px;\n}\n<\/style>\n<div  class='flex_column av-koxivi8r-43ba0b1e518529157a5d103a4c1780ef av_three_fifth  avia-builder-el-3  avia-builder-el-no-sibling  responsive_padding first av-break-at-tablet flex_column_div  '     ><p>\n<style type=\"text\/css\" data-created_by=\"avia_inline_auto\" id=\"style-css-av-koxhz840-013bd10084c0190238186330fae529dc\">\n#top .av-special-heading.av-koxhz840-013bd10084c0190238186330fae529dc{\npadding-bottom:36px;\n}\nbody .av-special-heading.av-koxhz840-013bd10084c0190238186330fae529dc .av-special-heading-tag .heading-char{\nfont-size:25px;\n}\n.av-special-heading.av-koxhz840-013bd10084c0190238186330fae529dc .av-subheading{\nfont-size:15px;\n}\n<\/style>\n<div  class='av-special-heading av-koxhz840-013bd10084c0190238186330fae529dc av-special-heading-h4 blockquote modern-quote  avia-builder-el-4  el_before_av_textblock  avia-builder-el-first '><h4 class='av-special-heading-tag '  itemprop=\"headline\"  >Titolare\/Responsabilit\u00e0<\/h4><div class=\"special-heading-border\"><div class=\"special-heading-inner-border\"><\/div><\/div><\/div><br \/>\n<section  class='av_textblock_section av-koxg46hw-9463ee163b6715c9771609e05cc554d6 '   itemscope=\"itemscope\" itemtype=\"https:\/\/schema.org\/CreativeWork\" ><div class='avia_textblock'  itemprop=\"text\" ><p><strong>Castel Coira Srl<\/strong><br \/>\nCastel Coira 1<br \/>\nI-39020 Sluderno<\/p>\n<p>Codice fiscale <strong><span class=\"\">03275450215<\/span><\/strong><br \/>\nPartita IVA <strong>IT<span class=\"\">03275450215<\/span><\/strong><br \/>\nCodice univoco\u00a0<strong>T9K4ZHO<\/strong><\/p>\n<p>T <strong>+39 0473 615 241<\/strong><br \/>\nE <a href=\"mailto:info@churburg.com\"><strong>info@castelcoira.com<\/strong><\/a><br \/>\nPEC <a href=\"mailto:schloss.churburg@legalmail.it\"><strong>schloss.churburg@legalmail.it<\/strong><\/a><\/p>\n<p>Diritti immagini <strong>Castel Coira<\/strong><\/p>\n<\/div><\/section><br \/>\n\n<style type=\"text\/css\" data-created_by=\"avia_inline_auto\" id=\"style-css-av-g9nj2-c26f0fbd9a89a655883b306c3a7b3b90\">\n#top .av-special-heading.av-g9nj2-c26f0fbd9a89a655883b306c3a7b3b90{\npadding-bottom:36px;\n}\nbody .av-special-heading.av-g9nj2-c26f0fbd9a89a655883b306c3a7b3b90 .av-special-heading-tag .heading-char{\nfont-size:25px;\n}\n.av-special-heading.av-g9nj2-c26f0fbd9a89a655883b306c3a7b3b90 .av-subheading{\nfont-size:15px;\n}\n<\/style>\n<div  class='av-special-heading av-g9nj2-c26f0fbd9a89a655883b306c3a7b3b90 av-special-heading-h4 blockquote modern-quote  avia-builder-el-6  el_after_av_textblock  el_before_av_textblock '><h4 class='av-special-heading-tag '  itemprop=\"headline\"  >Esclusione Responsabilit\u00e0\/Condizioni generali<\/h4><div class=\"special-heading-border\"><div class=\"special-heading-inner-border\"><\/div><\/div><\/div><br \/>\n<section  class='av_textblock_section av-s3rq-f0e5fbad6d466d3003ac8faedf1bd4be '   itemscope=\"itemscope\" itemtype=\"https:\/\/schema.org\/CreativeWork\" ><div class='avia_textblock'  itemprop=\"text\" ><h5>Contenuto<\/h5>\n<p>I contenuti e le informazioni presenti su questo sito Web sono stati da noi accuratamente controllati. Ci\u00f2 nonostante non ci assumiamo alcuna responsabilit\u00e0 ne forniamo garanzie circa la loro esattezza e completezza. Ci riserviamo il diritto di aggiornare o di modificare senza preavviso le informazioni messe a disposizione.<\/p>\n<h5>Rimandi e Link<\/h5>\n<p>Non ci assumiamo alcuna responsabilit\u00e0 per i contenuti dei link esterni proposti su questo sito. La responsabilit\u00e0 per il contenuto delle pagine esterne collegate tramite link \u00e8 esclusivamente dei gestori delle relative pagine. Ci distanziamo in modo esplicito da opinioni espresse sui siti a cui si fa rimando, in quanto potrebbero non corrispondere con le nostre opinioni.<\/p>\n<h5>Copyright (Diritto d\u2019autore e dei segni distintivi)<\/h5>\n<p>Il contenuto di questo sito Web \u00e8 protetto da copyright e non pu\u00f2 essere riprodotto o utilizzato in altre pubblicazioni stampate o elettroniche senza la nostra espressa autorizzazione.<\/p>\n<h5>Validit\u00e0 giuridica<\/h5>\n<p>Qualora parti o singole formulazioni del presente testo non corrispondano, non corrispondano pi\u00f9 o non corrispondano integralmente alla vigente situazione giuridica, restano comunque immutati il contenuto e la validit\u00e0 delle altre parti del documento. Dall\u2019uso del sito Web non deriva alcun diritto ne alcun contratto. Le controversie giuridiche sono risolte presso il tribunale per noi competente.<\/p>\n<\/div><\/section><\/p><\/div><\/div><\/div><\/div><!-- close content main div --><\/div><\/div><div id='after_section_2'  class='main_color av_default_container_wrap container_wrap sidebar_right'  ><div class='container av-section-cont-open' ><div class='template-page content  av-content-small alpha units'><div class='post-entry post-entry-type-page post-entry-4619'><div class='entry-content-wrapper clearfix'>\n","protected":false},"excerpt":{"rendered":"","protected":false},"author":1,"featured_media":0,"parent":0,"menu_order":0,"comment_status":"closed","ping_status":"closed","template":"","meta":{"footnotes":""},"class_list":["post-4619","page","type-page","status-publish","hentry"],"_links":{"self":[{"href":"https:\/\/www.churburg.com\/it\/wp-json\/wp\/v2\/pages\/4619","targetHints":{"allow":["GET"]}}],"collection":[{"href":"https:\/\/www.churburg.com\/it\/wp-json\/wp\/v2\/pages"}],"about":[{"href":"https:\/\/www.churburg.com\/it\/wp-json\/wp\/v2\/types\/page"}],"author":[{"embeddable":true,"href":"https:\/\/www.churburg.com\/it\/wp-json\/wp\/v2\/users\/1"}],"replies":[{"embeddable":true,"href":"https:\/\/www.churburg.com\/it\/wp-json\/wp\/v2\/comments?post=4619"}],"version-history":[{"count":100,"href":"https:\/\/www.churburg.com\/it\/wp-json\/wp\/v2\/pages\/4619\/revisions"}],"predecessor-version":[{"id":8021,"href":"https:\/\/www.churburg.com\/it\/wp-json\/wp\/v2\/pages\/4619\/revisions\/8021"}],"wp:attachment":[{"href":"https:\/\/www.churburg.com\/it\/wp-json\/wp\/v2\/media?parent=4619"}],"curies":[{"name":"wp","href":"https:\/\/api.w.org\/{rel}","templated":true}]}}