{"id":4740,"date":"2021-05-21T21:55:52","date_gmt":"2021-05-21T19:55:52","guid":{"rendered":"https:\/\/www.churburg.com\/privacy\/"},"modified":"2025-04-10T17:15:45","modified_gmt":"2025-04-10T15:15:45","slug":"privacy","status":"publish","type":"page","link":"https:\/\/www.churburg.com\/it\/privacy\/","title":{"rendered":"Privacy"},"content":{"rendered":"\n<style type=\"text\/css\" data-created_by=\"avia_inline_auto\" id=\"style-css-av-koyixy3a-e4cf026af3c893de34f9a7a152131e84\">\n.avia-section.av-koyixy3a-e4cf026af3c893de34f9a7a152131e84 .av-parallax .av-parallax-inner{\nbackground-repeat:no-repeat;\nbackground-image:url(https:\/\/www.churburg.com\/wp-content\/uploads\/2021\/05\/Blumen.jpg);\nbackground-position:50% 50%;\nbackground-attachment:scroll;\n}\n.avia-section.av-koyixy3a-e4cf026af3c893de34f9a7a152131e84 .av-section-color-overlay{\nopacity:0.2;\nbackground-color:#000000;\n}\n<\/style>\n<div id='av_section_1'  class='avia-section av-koyixy3a-e4cf026af3c893de34f9a7a152131e84 main_color avia-section-default avia-no-border-styling  avia-builder-el-0  el_before_av_section  avia-builder-el-first  avia-full-stretch av-parallax-section avia-bg-style-parallax av-section-color-overlay-active container_wrap sidebar_right'  data-section-bg-repeat='stretch'><div class='av-parallax' data-avia-parallax-ratio='0.3' ><div class='av-parallax-inner main_color avia-full-stretch'><\/div><\/div><div class=\"av-section-color-overlay-wrap\"><div class=\"av-section-color-overlay\"><\/div><div class='container av-section-cont-open' ><main  role=\"main\" itemprop=\"mainContentOfPage\"  class='template-page content  av-content-small alpha units'><div class='post-entry post-entry-type-page post-entry-4740'><div class='entry-content-wrapper clearfix'>\n\n<style type=\"text\/css\" data-created_by=\"avia_inline_auto\" id=\"style-css-av-koyiwkzd-8a470c4cea0fb683ca55d5a31df13d52\">\n#top .av-special-heading.av-koyiwkzd-8a470c4cea0fb683ca55d5a31df13d52{\nmargin:102px 0 18px 0;\npadding-bottom:10px;\n}\nbody .av-special-heading.av-koyiwkzd-8a470c4cea0fb683ca55d5a31df13d52 .av-special-heading-tag .heading-char{\nfont-size:25px;\n}\n.av-special-heading.av-koyiwkzd-8a470c4cea0fb683ca55d5a31df13d52 .av-subheading{\nfont-size:15px;\n}\n<\/style>\n<div  class='av-special-heading av-koyiwkzd-8a470c4cea0fb683ca55d5a31df13d52 av-special-heading-h1 blockquote modern-quote modern-centered  avia-builder-el-1  avia-builder-el-no-sibling  av-linked-heading'><h1 class='av-special-heading-tag '  itemprop=\"headline\"  >Privacy<\/h1><div class=\"special-heading-border\"><div class=\"special-heading-inner-border\"><\/div><\/div><\/div>\n\n<\/div><\/div><\/main><!-- close content main element --><\/div><\/div><\/div><div id='privacy'  class='avia-section av-koykstwi-fa000b61c4dd20fdc7bf3fdf27daa816 main_color avia-section-default avia-no-border-styling  avia-builder-el-2  el_after_av_section  avia-builder-el-last  avia-bg-style-scroll container_wrap sidebar_right'  ><div class='container av-section-cont-open' ><div class='template-page content  av-content-small alpha units'><div class='post-entry post-entry-type-page post-entry-4740'><div class='entry-content-wrapper clearfix'>\n\n<style type=\"text\/css\" data-created_by=\"avia_inline_auto\" id=\"style-css-av-2qi98c-8ee8f4efcf7603fe9eaf79e4fa3142d2\">\n.flex_column.av-2qi98c-8ee8f4efcf7603fe9eaf79e4fa3142d2{\nborder-radius:0 0 0 0;\npadding:48px 48px 54px 48px;\n}\n<\/style>\n<div  class='flex_column av-2qi98c-8ee8f4efcf7603fe9eaf79e4fa3142d2 av_three_fifth  avia-builder-el-3  avia-builder-el-no-sibling  responsive_padding first av-break-at-tablet flex_column_div  '     ><section  class='av_textblock_section av-koykh90c-7aff81597a7410896b8691571f1c6b1e '   itemscope=\"itemscope\" itemtype=\"https:\/\/schema.org\/CreativeWork\" ><div class='avia_textblock'  itemprop=\"text\" ><p><em>\u2026 \u2026 ai sensi del regolamento europeo sulla protezione dei dati 2016\/679 (RGPD)<\/em><\/p>\n<h5>Titolare del trattamento dei dati<\/h5>\n<p>Il responsabile del trattamento dei dati \u00e8 il gestore del presente sito web:<br \/>\n<strong>Castel Coira Srl<br \/>\n<\/strong>Castel Coira 1, I-39020 Sluderno<br \/>\nPartita IVA IT03275450215, Codice fiscale 03275450215<\/p>\n<h5>Principi generali sul trattamento dei dati<\/h5>\n<p><strong>Entit\u00e0<\/strong><\/p>\n<p>I dati vengono trattati ai sensi del quadro normativo previsto dal RGPD ovvero la raccolta dei dati \u00e8 limitata al trattamento dei dati necessari e volontariamente comunicati per l\u2019elaborazione di richieste specifiche. In generale il trattamento dei dati si limita a dati come: nome, indirizzo, e-mail e\/o numero di telefono e, in caso di documentazione contabile obbligatoria, il codice fiscale e\/o informazioni di pagamento. Utilizziamo i dati personali per l&#8217;elaborazione di domande o richieste. Ci\u00f2 avviene, generalmente, per l&#8217;adempimento di un contratto o procedure precontrattuali, ad esempio in caso di richieste o informazioni su un possibile utilizzo della nostra offerta di servizi, di prenotazione e utilizzo della nostra offerta di servizi e, qualora necessario, di documentazione contabile in conformit\u00e0 alle disposizioni di legge e regolamenti (ad es. legislazione fiscale). Utilizziamo i dati personali per l&#8217;elaborazione di domande o richieste. Il trattamento dei dati avviene in forma elettronica e\/o cartacea.<\/p>\n<p><strong>Base giuridica per il trattamento di dati personali \u2026<\/strong><\/p>\n<p><strong>Art. 6 comma 1 lett. a RGPD<\/strong><br \/>\n\u2026 ove si ottenga il consenso dalla persona interessata per processi di trattamento dei dati personali<\/p>\n<p><strong>Art. 6 comma 1 lett. b RGPD<\/strong><br \/>\n\u2026 trattamento di dati per l\u2019adempimento di un contratto o procedure precontrattuali<\/p>\n<p><strong>Art. 6 comma 1 lett. c RGPD<\/strong><br \/>\n\u2026 trattamento di dati personali per l\u2019adempimento di obblighi di legge, ai quali la nostra azienda \u00e8 soggetta<\/p>\n<p><strong>Art. 6 comma 1 lett. d RGPD<\/strong><br \/>\n\u2026 trattamento di dati personali necessario per la salvaguardia degli interessi vitali dell&#8217;interessato o di un&#8217;altra persona fisica<\/p>\n<p><strong> Art. 6 comma 1 lett. f RGPD<\/strong><br \/>\n\u2026 trattamento di dati personali necessario per tutelare un interesse legittimo della nostra societ\u00e0 o di un terzo, a condizione che gli interessi o i diritti e le libert\u00e0 fondamentali dell&#8217;interessato non prevalgano sul primo interesse citato<\/p>\n<p><strong>Archiviazione e cancellazione dei dati<\/strong><\/p>\n<p>I dati raccolti saranno conservati per il tempo necessario in modo da adempiere agli obblighi contrattuali e legali o per salvaguardare i nostri crediti.<\/p>\n<p><strong>Luogo del trattamento dei dati<\/strong><\/p>\n<p>L\u2019archiviazione dei dati avviene presso la sede della nostra societ\u00e0. La tutela dei dati personali \u00e8 garantita da misure organizzative e tecniche. Ricordiamo che in generale la trasmissione di dati tramite internet pu\u00f2 presentare carenze di sicurezza. Ci\u00f2 non rende possibile un\u2019assoluta protezione dei dati dall\u2019accesso di terzi. Non ci assumiamo quindi alcuna responsabilit\u00e0 per errori che si verificano nella trasmissione dei dati o tramite accesso intenzionale e non autorizzato da parte di terzi. La trasmissione dei dati personali a terze parti avviene esclusivamente se necessario per l&#8217;elaborazione di contratti, come ad esempio all&#8217;istituto di credito incaricato all&#8217;elaborazione dei pagamenti oppure ai nostri consulenti fiscali e contabili per gli obblighi di documentazione contabile previsti dalla legge. Non avviene un&#8217;ulteriore trasmissione dei dati a terzi, salvo se espressamente acconsentito da parte Sua (vedi &#8216;Ticket online&#8217;). I Suoi dati non saranno trasmessi a terzi senza il Suo esplicito consenso, come ad esempio per fini pubblicitari.<\/p>\n<h5>Dati raccolti<\/h5>\n<p><strong>Dati di navigazione<\/strong><\/p>\n<p>I sistemi informatici e le procedure software preposte al funzionamento del nostro sito acquisiscono, nel corso del loro normale esercizio, alcuni dati personali, la cui trasmissione \u00e8 implicita nell\u2019uso dei protocolli di comunicazione di Internet. Si tratta di informazioni che non sono raccolte per essere associate a interessati identificati, ma che per loro stessa natura potrebbero, attraverso elaborazioni ed associazioni con dati detenuti da terzi, permettere di identificare gli utenti. In questa categoria di dati rientrano gli indirizzi IP o i nomi di dominio dei computer utilizzati dagli utenti che si connettono al sito, gli indirizzi in notazione URI (Uniform Resource Identifier) delle risorse richieste, l\u2019orario della richiesta ed altri parametri relativi all\u2019ambiente informatico dell\u2019utente. (ad.es. Sistema operativo, tipo di browser). Il provider del nostro sito web rileva e archivia automaticamente le informazioni in cosiddetti log-file del server, trasmessi in automatico dal vostro web browser. Questi dati vengono utilizzati al solo fine di ricavare informazioni statistiche anonime sull\u2019uso del sito e per controllarne il corretto funzionamento. I dati in questione potrebbero essere utilizzati per l\u2019accertamento di responsabilit\u00e0 in caso di eventuali reati informatici ai danni del nostro sito.<\/p>\n<p><strong>Dati comunicati volontariamente dal utente<\/strong><\/p>\n<p>Raccogliamo e archiviamo esclusivamente dati personali che ci vengono comunicati volontariamente: in forma scritta, tramite e-mail o per telefono. Mandando espressamente e volontariamente un messaggio di posta elettronica all\u2019indirizzo communicato su questo sito comporta in automatico la raccolta di dati personali come l\u2019indirizzo email del mittente, necessario poi per rispondere alla richiesta espressa o di altri dati personali contenuti nel messaggio inviatoci.<\/p>\n<p><strong>Cookies<\/strong><\/p>\n<p>Nella versione attuale il nostro sito web utilizza solo cookie di carattere tecnico per permettere la prestazione di un servizio privo di errori e per gestire ed implementare le impostazioni sulla privacy dell\u2019utente. L\u2019archivazione di questi cookie \u00e8 legittimata dalla necessit\u00e0 di eseguire il processo di comunicazione elettronica e\/o fornire determinate funzioni richieste dall\u2019utente del sito. Non utilizziamo cookie per ulteriori scopi, come l\u2019analisi e relevazioni statistiche della navigazione sul sito. Rinunciamo inoltre all\u2019utilizzo di plugin esterni che consentono a terzi di collegare il Suo comportamento di navigazione ad un profilo personale. L\u2019eventuale utilizzo futuro di cookie statistici e\/o di profilazione su questo sito avverr\u00e0 solo e dopo il consenso esplicitamente espresso dall\u2019utente nelle relative impostazioni del sito.<\/p>\n<p><strong>Ticket online (Servizio esterno, bookingkit GmbH, Srl)<br \/>\n<\/strong><\/p>\n<p>Con il legittimo interesse di migliorare costantemente la nostra offerta diamo, tramite il nostro sito web, la possibilit\u00e0 di effettuare online la prenotazione ed il pagamento dei nostri servizi. Al fine di poter mettere a disposizione questo servizio, \u00e8 stato integrato il sistema di prenotazione online da parte di un fornitore esterno sul nostro sito web. Cliccando sul pulsante &#8216;Ticket online&#8217; sar\u00e0 reindirizzato al server del fornitore del servizio e dati di navigazione fondamentali per la comunicazione in rete (vedi dati di navigazione nella rubrica &#8216;Dati raccolti&#8217; nella nostra dichiarazione sulla privacy) verranno trasmessi al server del fornitore. In pi\u00f9 bookingkit attiver\u00e0 dei cookie tecnici (p.e.s. BkOpSession) per garantire il funzionamento corretto del servizio. Per attivare il collegamento al server del fornitore del servizio e quindi per poter usufruire del servizio \u00e8 necessario l&#8217;esplicito consenso da parte dell\u2019utente del servizio. Il consenso all\u2019attivazione del servizio lo si pu\u00f2 dare nelle impostazioni cookie del nostro sito o in alternativa nel momento della visualizzazione della pagina &#8216;Ticket online&#8217;.<\/p>\n<p>I dati inseriti durante il processo di prenotazione saranno trattati dal fornitore incaricato del servizio. Titolare e responsabile del sistema di prenotazione\/ticket online: bookingkit Srl, Sonnenallee 223, D-12059 Berlino, <a href=\"https:\/\/bookingkit.com\/\" target=\"_blank\" rel=\"noopener\">www.bookingkit.com<\/a> La dichiarazione sulla privacy di bookingkit \u00e8 accessibile attraverso un apposito link dopo aver attivato il servizio e visualizzata la pagina &#8216;Ticket online&#8217;. Per effettuare l\u2019acquisto di un biglietto \u00e8 necessario acconsentire alla dichiarazione sulla privacy di bookingkit.<\/p>\n<p>Il trattamento dei dati personali avviene ai sensi dell\u2019articolo 6 comma 1 lett. b del RGPD per l\u2019adempimento di misure contrattuali e precontrattuali. Per la prenotazione online \u00e8 obbligatorio comunicare i seguenti dati personali: nome e un indirizzo e-mail della persona che effettua la prenotazione ed il pagamento. Altri dati (p.es. numero di telefono, indirizzo) sono facoltativi. Per il pagamento \u00e8 necessario indicare una carta da credito valida.<br \/>\nLa comunicazione dei Suoi dati non \u00e8 imposta n\u00e9 per legge n\u00e9 per contratto, pertanto non \u00e8 obbligatorio fornire tali dati personali. In caso di rifiuto al trattamento dei dati, non sar\u00e0 possibile effettuare una prenotazione e\/o l\u2019acquisto dei nostri servizi.<\/p>\n<p>Utilizziamo i dati raccolti nel ambito del servizio &#8216;Ticket online&#8217; per rilevare la vendita dei biglietti online, per l\u2019invio di un biglietto valido via e-mail e per la registrazione del biglietto all\u2019entrata. In caso di necessit\u00e0 e nel recipcro interesse delle parti contraenti ci riserviamo il diritto di utilizzare i dai raccolti (nome e indirizzo e-mail) per eventuali comunicazioni aggiuntive in merito all\u2019evento per il quale \u00e8 stato acquistato il biglietto. Tali comunicazioni qualora divenissero necessarie sarebbero esclusivamente di carattere organizzativo cio\u00e8 riguarderebbero esclusivamente informazioni non ancora disponibili e quindi comunicabili al momento della prenotazione ma diventate nel frattempo necessarie per la partecipazione all\u2019evento.<\/p>\n<h5>Diritti del utente<\/h5>\n<p><strong>Diritto di informazione, art. 15 RGPD<\/strong><br \/>\nLei ha il diritto di richiedere in qualsiasi momento e gratuitamente informazioni sull\u2019origine, destinatario e finalit\u00e0 dei Suoi dati personali salvati.<\/p>\n<p><strong>Diritto di rettifica, art. 16 RGPD<\/strong><br \/>\nLei ha il diritto di richiedere una rettifica dei dati archiviati.<\/p>\n<p><strong>Diritto di cancellazione\/blocco, art. 17 RGDP<\/strong><br \/>\nLei ha il diritto di richiedere la cancellazione dei dati salvati.<\/p>\n<p><strong>Diritto di limitazione, art. 18 RGDP<\/strong><br \/>\nLei ha il diritto di richiedere una limitazione del trattamento dei dati salvati.<\/p>\n<p><strong>Diritto di trasmissione dei dati, art. 20 RGDP<\/strong><br \/>\nHa il diritto di richiedere la consegna a Lei o a terze parti, in formati comuni e digitalmente leggibili, i dati automaticamente elaborati in base al Suo consenso o in adempimento di un contratto. Qualora richieda il trasferimento diretto dei dati ad un altro responsabile per il trattamento dei dati, tale trasferimento avverr\u00e0 solamente se fattibile a livello tecnico e in caso di un trattamento automatizzato dei dati.<\/p>\n<p><strong>Diritto di revoca, art. 20 RGDP<\/strong><br \/>\nLei ha il diritto direvocare un consenso precedentemente concesso in qualsiasi momento. La revoca non pregiudica la validit\u00e0 del trattamento dei dati effettuato fino al momento della revoca stessa.<\/p>\n<p><strong>Diritto di contraddizione, art. 21 RGDP<\/strong><br \/>\nLei ha il diritto di opporsi al trattamento dei dati personali.<\/p>\n<p><strong>Diritto di reclamo, art. 77 RGDP<\/strong><br \/>\nLei ha il diritto di presentare un reclamo alla competente autorit\u00e0 di vigilanza.<\/p>\n<p>Potr\u00e0 contattarci in qualsiasi momento ai contatti indicati nel colophon per domande a questo proposito cos\u00ec come per ulteriori informazioni in merito alla protezione dei dati.<\/p>\n<h5>Riserva di aggiornamento<\/h5>\n<p>La comunicazione \u00e8 caratterizzata dal costante sviluppo di nuove risorse tecnologiche e contestuali adeguamenti dei requisiti legali nonch\u00e9 prerequisiti tecnici necessari all\u2019utilizzo e alla gestione responsabile di tali risorse. A questo proposito ci riserviamo il diritto di modificare e\/o integrare in qualsiasi momento, e in piena conformit\u00e0 con le leggi vigenti, la presente dichiarazione sul trattamento dei dati. Questo diritto di modifica vale anche in caso di integrazione e utilizzo di nuovi servizi, che toccano l\u2019aspetto della protezione dei dati, al fine di effettuare gli adattamenti necessari per l\u2019utilizzo di questi servizi sul nostro sito web, in conformit\u00e0 con disposizioni e regolamenti di legge. In caso di utilizzo frequente del nostro sito web, Le consigliamo di consultare regolarmente la presente informativa sulla privacy per verificare le eventuali modifiche.<\/p>\n<h5>Opposizione contro mail pubblicitarie<\/h5>\n<p>Ci opponiamo all\u2019utilizzo delle nostre informazioni di contatto, pubblicate all\u2019interno del colophon, per l\u2019invio di materiale pubblicitario e informativo da noi non esplicitamente richiesto. In qualit\u00e0 di gestore della pagina ci riserviamo inoltre espressamente il diritto di intraprendere azioni legali in caso di invio di informazioni pubblicitarie indesiderate quali, ad esempio, spam e-mail.<\/p>\n<\/div><\/section><\/div><\/div><\/div><\/div><!-- close content main div --><\/div><\/div><div id='after_section_2'  class='main_color av_default_container_wrap container_wrap sidebar_right'  ><div class='container av-section-cont-open' ><div class='template-page content  av-content-small alpha units'><div class='post-entry post-entry-type-page post-entry-4740'><div class='entry-content-wrapper clearfix'>\n","protected":false},"excerpt":{"rendered":"","protected":false},"author":1,"featured_media":0,"parent":0,"menu_order":0,"comment_status":"closed","ping_status":"closed","template":"","meta":{"footnotes":""},"class_list":["post-4740","page","type-page","status-publish","hentry"],"_links":{"self":[{"href":"https:\/\/www.churburg.com\/it\/wp-json\/wp\/v2\/pages\/4740","targetHints":{"allow":["GET"]}}],"collection":[{"href":"https:\/\/www.churburg.com\/it\/wp-json\/wp\/v2\/pages"}],"about":[{"href":"https:\/\/www.churburg.com\/it\/wp-json\/wp\/v2\/types\/page"}],"author":[{"embeddable":true,"href":"https:\/\/www.churburg.com\/it\/wp-json\/wp\/v2\/users\/1"}],"replies":[{"embeddable":true,"href":"https:\/\/www.churburg.com\/it\/wp-json\/wp\/v2\/comments?post=4740"}],"version-history":[{"count":67,"href":"https:\/\/www.churburg.com\/it\/wp-json\/wp\/v2\/pages\/4740\/revisions"}],"predecessor-version":[{"id":8022,"href":"https:\/\/www.churburg.com\/it\/wp-json\/wp\/v2\/pages\/4740\/revisions\/8022"}],"wp:attachment":[{"href":"https:\/\/www.churburg.com\/it\/wp-json\/wp\/v2\/media?parent=4740"}],"curies":[{"name":"wp","href":"https:\/\/api.w.org\/{rel}","templated":true}]}}